{"id":3475,"date":"2025-06-06T23:06:05","date_gmt":"2025-06-06T23:06:05","guid":{"rendered":"https:\/\/pecadofilms.com\/?page_id=3475"},"modified":"2025-11-05T13:12:32","modified_gmt":"2025-11-05T13:12:32","slug":"nosotros","status":"publish","type":"page","link":"https:\/\/pecadofilms.com\/en\/nosotros\/","title":{"rendered":"Nosotros"},"content":{"rendered":"<div data-elementor-type=\"wp-page\" data-elementor-id=\"3475\" class=\"elementor elementor-3475\" data-elementor-post-type=\"page\">\n\t\t\t\t<div class=\"elementor-element elementor-element-175a6b0 e-flex e-con-boxed e-con e-parent\" data-id=\"175a6b0\" data-element_type=\"container\" data-e-type=\"container\" data-settings=\"{&quot;background_background&quot;:&quot;classic&quot;}\">\n\t\t\t\t\t<div class=\"e-con-inner\">\n\t\t<div class=\"elementor-element elementor-element-c771678 e-con-full e-flex elementor-invisible e-con e-child\" data-id=\"c771678\" data-element_type=\"container\" data-e-type=\"container\" data-settings=\"{&quot;animation&quot;:&quot;fadeInUp&quot;}\">\n\t\t\t\t<div class=\"elementor-element elementor-element-7145a74 elementor-widget elementor-widget-heading\" data-id=\"7145a74\" data-element_type=\"widget\" data-e-type=\"widget\" data-widget_type=\"heading.default\">\n\t\t\t\t<div class=\"elementor-widget-container\">\n\t\t\t\t\t<h1 class=\"elementor-heading-title elementor-size-default\">PECADO <\/h1>\t\t\t\t<\/div>\n\t\t\t\t<\/div>\n\t\t\t\t<\/div>\n\t\t\t\t\t<\/div>\n\t\t\t\t<\/div>\n\t\t<div class=\"elementor-element elementor-element-6f51d9a e-flex e-con-boxed e-con e-parent\" data-id=\"6f51d9a\" data-element_type=\"container\" data-e-type=\"container\" data-settings=\"{&quot;background_background&quot;:&quot;classic&quot;}\">\n\t\t\t\t\t<div class=\"e-con-inner\">\n\t\t<div class=\"elementor-element elementor-element-cdfd7e4 e-con-full e-flex e-con e-child\" data-id=\"cdfd7e4\" data-element_type=\"container\" data-e-type=\"container\">\n\t\t\t\t<div class=\"elementor-element elementor-element-504cd98 elementor-widget elementor-widget-text-editor\" data-id=\"504cd98\" data-element_type=\"widget\" data-e-type=\"widget\" data-widget_type=\"text-editor.default\">\n\t\t\t\t<div class=\"elementor-widget-container\">\n\t\t\t\t\t\t\t\t\t<p>Pecado Films es una productora independiente dirigida por Jose Alba y Odile Antonio-Baez. Con el objetivo de entretener y emocionar a todos los p\u00fablicos, creando contenido universal de calidad para mercados internacionales, ponen toda su energ\u00eda y perseverancia al servicio de j\u00f3venes y apasionados cineastas, apoyando y difundiendo el talento de la industria andaluza y espa\u00f1ola por todo el mundo.\u00a0<\/p><p>Entre las producciones de Pecado destacan<i>\u00a0<\/i><b><i>\u00bfEs el enemigo?\u00a0<\/i><\/b><i>(<\/i>Alexis Morante 2025;\u00a0<i>Premio del P\u00fablico en los festivales de Huelva, Cimbra y Casares),\u00a0<\/i><b><i>Cerrar los ojos<\/i><\/b>\u00a0(Victor Erice, 2023;\u00a0<i>Secci\u00f3n Oficial en Cannes y Toronto<\/i>),\u00a0<b><i>Mamacruz<\/i><\/b>\u00a0(Patricia Ortega, 2023;\u00a0<i>Secci\u00f3n Oficial en Sundance<\/i>),\u00a0<b><i>Oliver's Universe<\/i><\/b><b>\u00a0<\/b>(Alexis Morante 2022;\u00a0<i>Tallin, Premio de la Juventud en Seminci<\/i>),\u00a0<b><i>Journey to a Mother\u2019s Room<\/i><\/b>\u00a0(Celia Rico 2018;\u00a0<i>Menci\u00f3n Especial del Jurado en San Sebasti\u00e1n<\/i>),\u00a0<b><i>Gernika<\/i><\/b>\u00a0(Koldo Serra 2016;\u00a0<i>Secci\u00f3n Oficial en M\u00e1laga<\/i>),\u00a0<b>Animal Humano<\/b>\u00a0(Alessandro Pugno 2023;\u00a0<i>Secci\u00f3n Oficial en Mosc\u00fa y Mar del Plata<\/i>) o\u00a0<b><i>De perdidos a R\u00edo\u00a0<\/i><\/b>(Joaqu\u00edn Maz\u00f3n 2023;\u00a0<i>#1 Amazon Prime<\/i>), y m\u00faltiples premios y nominaciones a los\u00a0<i>EFA, Goya, Feroz, Carmen, Platino, CEC, Asecan, Sant Jordi, Gaud\u00ed, Mestre Mateo, Fotogramas o\u00a0 Grammy Latinos<\/i>\u00a0adem\u00e1s de una preselecci\u00f3n a los\u00a0<i>Oscar\u00a0<\/i>por la Academia de Cine.<\/p><p>Pecado est\u00e1 co-financiada por la UE a trav\u00e9s de los fondos de Creative Europe MEDIA Slate Funding, contando adem\u00e1s sus proyectos con fondos de Ibermedia y Eurimages.<\/p><p>Pecado es una empresa asociada a\u00a0 ANCINE, AECINE, LAND y EGEDA.<\/p><p>Nuestros proyectos, entre los que se podr\u00edan mencionar Cerrar los ojos de V\u00edctor Erice, Mamacruz de Patricia Ortega, El universo de \u00d3liver de Alexis Morante, Viaje al cuarto de una madre de Celia Rico Clavellino, Gernika de Koldo Serra o Sevillanas de Brooklyn de Vicente Villanueva, acumulan varias nominaciones a los Premios Goya y galardones en los Premios Feroz, Premios Carmen, CEC, Sant Jordi, Gaud\u00ed, Mestre Mateo, as\u00ed como participaciones y premios en festivales de todo el mundo, como en las secciones oficiales del Festival de Cine de Cannes y de Sundance, Seminci Joven, Just Night \u2013 Tallin Black Nights y una Menci\u00f3n Especial del Jurado y un Premio de la Juventud en el Festival de Cine de San Sebasti\u00e1n.<\/p><p>Pecado Films est\u00e1 cofinanciada por la Uni\u00f3n Europea a trav\u00e9s de los fondos de Creative Europe MEDIA Slate Funding. Adem\u00e1s, hemos conseguido el apoyo de Ibermedia, Media y Eurimages en distintas coproducciones internacionales en las que hemos participado. D. \u00c1ngel Dur\u00e1ndez, productor de Blancanieves o Blackthorn es colaborador estrat\u00e9gico de la compa\u00f1\u00eda.<\/p>\t\t\t\t\t\t\t\t<\/div>\n\t\t\t\t<\/div>\n\t\t\t\t<\/div>\n\t\t<div class=\"elementor-element elementor-element-e4f233e e-con-full e-flex e-con e-child\" data-id=\"e4f233e\" data-element_type=\"container\" data-e-type=\"container\">\n\t\t\t\t<div class=\"elementor-element elementor-element-b72548b elementor-widget elementor-widget-image\" data-id=\"b72548b\" data-element_type=\"widget\" data-e-type=\"widget\" data-widget_type=\"image.default\">\n\t\t\t\t<div class=\"elementor-widget-container\">\n\t\t\t\t\t\t\t\t\t\t\t\t\t\t\t<img fetchpriority=\"high\" decoding=\"async\" width=\"1024\" height=\"634\" src=\"https:\/\/pecadofilms.com\/wp-content\/uploads\/2025\/06\/quienes-somos-pecado-films.webp\" class=\"attachment-full size-full wp-image-3613\" alt=\"\" srcset=\"https:\/\/pecadofilms.com\/wp-content\/uploads\/2025\/06\/quienes-somos-pecado-films.webp 1024w, https:\/\/pecadofilms.com\/wp-content\/uploads\/2025\/06\/quienes-somos-pecado-films-300x186.webp 300w, https:\/\/pecadofilms.com\/wp-content\/uploads\/2025\/06\/quienes-somos-pecado-films-768x476.webp 768w, https:\/\/pecadofilms.com\/wp-content\/uploads\/2025\/06\/quienes-somos-pecado-films-18x12.webp 18w, https:\/\/pecadofilms.com\/wp-content\/uploads\/2025\/06\/quienes-somos-pecado-films-600x371.webp 600w\" sizes=\"(max-width: 1024px) 100vw, 1024px\" \/>\t\t\t\t\t\t\t\t\t\t\t\t\t\t\t<\/div>\n\t\t\t\t<\/div>\n\t\t\t\t<\/div>\n\t\t\t\t\t<\/div>\n\t\t\t\t<\/div>\n\t\t<div class=\"elementor-element elementor-element-deefde1 e-flex e-con-boxed e-con e-parent\" data-id=\"deefde1\" data-element_type=\"container\" data-e-type=\"container\" data-settings=\"{&quot;background_background&quot;:&quot;classic&quot;}\">\n\t\t\t\t\t<div class=\"e-con-inner\">\n\t\t\t\t<div class=\"elementor-element elementor-element-4c3a355 elementor-widget elementor-widget-image-carousel\" data-id=\"4c3a355\" data-element_type=\"widget\" data-e-type=\"widget\" data-settings=\"{&quot;slides_to_show&quot;:&quot;4&quot;,&quot;slides_to_show_tablet&quot;:&quot;4&quot;,&quot;slides_to_show_mobile&quot;:&quot;2&quot;,&quot;slides_to_scroll&quot;:&quot;4&quot;,&quot;navigation&quot;:&quot;none&quot;,&quot;autoplay_speed&quot;:0,&quot;speed&quot;:4000,&quot;image_spacing_custom&quot;:{&quot;unit&quot;:&quot;px&quot;,&quot;size&quot;:10,&quot;sizes&quot;:[]},&quot;autoplay&quot;:&quot;yes&quot;,&quot;infinite&quot;:&quot;yes&quot;,&quot;image_spacing_custom_laptop&quot;:{&quot;unit&quot;:&quot;px&quot;,&quot;size&quot;:&quot;&quot;,&quot;sizes&quot;:[]},&quot;image_spacing_custom_tablet&quot;:{&quot;unit&quot;:&quot;px&quot;,&quot;size&quot;:&quot;&quot;,&quot;sizes&quot;:[]},&quot;image_spacing_custom_mobile&quot;:{&quot;unit&quot;:&quot;px&quot;,&quot;size&quot;:&quot;&quot;,&quot;sizes&quot;:[]}}\" data-widget_type=\"image-carousel.default\">\n\t\t\t\t<div class=\"elementor-widget-container\">\n\t\t\t\t\t\t\t<div class=\"elementor-image-carousel-wrapper swiper\" role=\"region\" aria-roledescription=\"carousel\" aria-label=\"Carrusel de im\u00e1genes\" dir=\"ltr\">\n\t\t\t<div class=\"elementor-image-carousel swiper-wrapper\" aria-live=\"off\">\n\t\t\t\t\t\t\t\t<div class=\"swiper-slide\" role=\"group\" aria-roledescription=\"slide\" aria-label=\"1 de 6\"><figure class=\"swiper-slide-inner\"><img decoding=\"async\" class=\"swiper-slide-image\" src=\"https:\/\/pecadofilms.com\/wp-content\/uploads\/2025\/06\/warsaw-film-festival-e41e34.svg\" alt=\"warsaw film festival-e41e34\" \/><\/figure><\/div><div class=\"swiper-slide\" role=\"group\" aria-roledescription=\"slide\" aria-label=\"2 de 6\"><figure class=\"swiper-slide-inner\"><img decoding=\"async\" class=\"swiper-slide-image\" src=\"https:\/\/pecadofilms.com\/wp-content\/uploads\/2025\/06\/european-film-awards-c08035.svg\" alt=\"european film awards-c08035\" \/><\/figure><\/div><div class=\"swiper-slide\" role=\"group\" aria-roledescription=\"slide\" aria-label=\"3 de 6\"><figure class=\"swiper-slide-inner\"><img decoding=\"async\" class=\"swiper-slide-image\" src=\"https:\/\/pecadofilms.com\/wp-content\/uploads\/2025\/06\/busan-international-film-festival-67d26d.svg\" alt=\"busan international film festival-67d26d\" \/><\/figure><\/div><div class=\"swiper-slide\" role=\"group\" aria-roledescription=\"slide\" aria-label=\"4 de 6\"><figure class=\"swiper-slide-inner\"><img decoding=\"async\" class=\"swiper-slide-image\" src=\"https:\/\/pecadofilms.com\/wp-content\/uploads\/2025\/06\/festival-de-cannes-503160.svg\" alt=\"festival de cannes-503160\" \/><\/figure><\/div><div class=\"swiper-slide\" role=\"group\" aria-roledescription=\"slide\" aria-label=\"5 de 6\"><figure class=\"swiper-slide-inner\"><img decoding=\"async\" class=\"swiper-slide-image\" src=\"https:\/\/pecadofilms.com\/wp-content\/uploads\/2025\/06\/Sundance-film-festival-984acc.svg\" alt=\"Sundance film festival-984acc\" \/><\/figure><\/div><div class=\"swiper-slide\" role=\"group\" aria-roledescription=\"slide\" aria-label=\"6 de 6\"><figure class=\"swiper-slide-inner\"><img decoding=\"async\" class=\"swiper-slide-image\" src=\"https:\/\/pecadofilms.com\/wp-content\/uploads\/2025\/06\/SSIFF-66e45a.svg\" alt=\"SSIFF-66e45a\" \/><\/figure><\/div>\t\t\t<\/div>\n\t\t\t\t\t\t\t\n\t\t\t\t\t\t\t\t\t<\/div>\n\t\t\t\t\t\t<\/div>\n\t\t\t\t<\/div>\n\t\t\t\t\t<\/div>\n\t\t\t\t<\/div>\n\t\t<div class=\"elementor-element elementor-element-2bcc4a2 e-flex e-con-boxed e-con e-parent\" data-id=\"2bcc4a2\" data-element_type=\"container\" data-e-type=\"container\" data-settings=\"{&quot;background_background&quot;:&quot;classic&quot;}\">\n\t\t\t\t\t<div class=\"e-con-inner\">\n\t\t<div class=\"elementor-element elementor-element-537f877 e-con-full e-flex e-con e-child\" data-id=\"537f877\" data-element_type=\"container\" data-e-type=\"container\">\n\t\t\t\t<div class=\"elementor-element elementor-element-521f56c elementor-widget-divider--view-line elementor-widget elementor-widget-divider\" data-id=\"521f56c\" data-element_type=\"widget\" data-e-type=\"widget\" data-widget_type=\"divider.default\">\n\t\t\t\t<div class=\"elementor-widget-container\">\n\t\t\t\t\t\t\t<div class=\"elementor-divider\">\n\t\t\t<span class=\"elementor-divider-separator\">\n\t\t\t\t\t\t<\/span>\n\t\t<\/div>\n\t\t\t\t\t\t<\/div>\n\t\t\t\t<\/div>\n\t\t\t\t<\/div>\n\t\t<div class=\"elementor-element elementor-element-ce6805d e-con-full e-flex e-con e-child\" data-id=\"ce6805d\" data-element_type=\"container\" data-e-type=\"container\">\n\t\t<div class=\"elementor-element elementor-element-2113d5a e-con-full e-flex elementor-invisible e-con e-child\" data-id=\"2113d5a\" data-element_type=\"container\" data-e-type=\"container\" data-settings=\"{&quot;animation&quot;:&quot;fadeInUp&quot;,&quot;animation_delay&quot;:200}\">\n\t\t\t\t<div class=\"elementor-element elementor-element-a3aa2fc elementor-widget elementor-widget-image\" data-id=\"a3aa2fc\" data-element_type=\"widget\" data-e-type=\"widget\" data-widget_type=\"image.default\">\n\t\t\t\t<div class=\"elementor-widget-container\">\n\t\t\t\t\t\t\t\t\t\t\t\t\t\t\t<img decoding=\"async\" width=\"593\" height=\"436\" src=\"https:\/\/pecadofilms.com\/wp-content\/uploads\/2025\/11\/image-49.png\" class=\"attachment-full size-full wp-image-4605\" alt=\"\" srcset=\"https:\/\/pecadofilms.com\/wp-content\/uploads\/2025\/11\/image-49.png 593w, https:\/\/pecadofilms.com\/wp-content\/uploads\/2025\/11\/image-49-300x221.png 300w, https:\/\/pecadofilms.com\/wp-content\/uploads\/2025\/11\/image-49-16x12.png 16w\" sizes=\"(max-width: 593px) 100vw, 593px\" \/>\t\t\t\t\t\t\t\t\t\t\t\t\t\t\t<\/div>\n\t\t\t\t<\/div>\n\t\t<div class=\"elementor-element elementor-element-a8317b5 e-con-full e-flex e-con e-child\" data-id=\"a8317b5\" data-element_type=\"container\" data-e-type=\"container\">\n\t\t\t\t<div class=\"elementor-element elementor-element-9798d17 elementor-widget elementor-widget-heading\" data-id=\"9798d17\" data-element_type=\"widget\" data-e-type=\"widget\" data-widget_type=\"heading.default\">\n\t\t\t\t<div class=\"elementor-widget-container\">\n\t\t\t\t\t<h3 class=\"elementor-heading-title elementor-size-default\">Jose Alba<\/h3>\t\t\t\t<\/div>\n\t\t\t\t<\/div>\n\t\t\t\t<div class=\"elementor-element elementor-element-c512158 elementor-widget elementor-widget-heading\" data-id=\"c512158\" data-element_type=\"widget\" data-e-type=\"widget\" data-widget_type=\"heading.default\">\n\t\t\t\t<div class=\"elementor-widget-container\">\n\t\t\t\t\t<p class=\"elementor-heading-title elementor-size-default\">PRODUCTOR \/ CEO<\/p>\t\t\t\t<\/div>\n\t\t\t\t<\/div>\n\t\t\t\t<\/div>\n\t\t\t\t<div class=\"elementor-element elementor-element-11dc4c0 elementor-widget elementor-widget-image\" data-id=\"11dc4c0\" data-element_type=\"widget\" data-e-type=\"widget\" data-widget_type=\"image.default\">\n\t\t\t\t<div class=\"elementor-widget-container\">\n\t\t\t\t\t\t\t\t\t\t\t\t\t\t\t\t<a href=\"https:\/\/www.imdb.com\/es\/name\/nm1592437\/?ref_=mv_desc\">\n\t\t\t\t\t\t\t<img decoding=\"async\" width=\"61\" height=\"32\" src=\"https:\/\/pecadofilms.com\/wp-content\/uploads\/2025\/06\/IMDB_Logo_2016-1-27eee2.svg\" class=\"attachment-full size-full wp-image-3672\" alt=\"\" \/>\t\t\t\t\t\t\t\t<\/a>\n\t\t\t\t\t\t\t\t\t\t\t\t\t\t\t<\/div>\n\t\t\t\t<\/div>\n\t\t\t\t<\/div>\n\t\t<div class=\"elementor-element elementor-element-23994a8 e-con-full e-flex elementor-invisible e-con e-child\" data-id=\"23994a8\" data-element_type=\"container\" data-e-type=\"container\" data-settings=\"{&quot;animation&quot;:&quot;fadeInUp&quot;,&quot;animation_delay&quot;:400}\">\n\t\t\t\t<div class=\"elementor-element elementor-element-f949251 elementor-widget elementor-widget-image\" data-id=\"f949251\" data-element_type=\"widget\" data-e-type=\"widget\" data-widget_type=\"image.default\">\n\t\t\t\t<div class=\"elementor-widget-container\">\n\t\t\t\t\t\t\t\t\t\t\t\t\t\t\t<img loading=\"lazy\" decoding=\"async\" width=\"593\" height=\"437\" src=\"https:\/\/pecadofilms.com\/wp-content\/uploads\/2025\/06\/Odile-Antonio-Baez.webp\" class=\"attachment-full size-full wp-image-3679\" alt=\"\" srcset=\"https:\/\/pecadofilms.com\/wp-content\/uploads\/2025\/06\/Odile-Antonio-Baez.webp 593w, https:\/\/pecadofilms.com\/wp-content\/uploads\/2025\/06\/Odile-Antonio-Baez-300x221.webp 300w, https:\/\/pecadofilms.com\/wp-content\/uploads\/2025\/06\/Odile-Antonio-Baez-16x12.webp 16w\" sizes=\"(max-width: 593px) 100vw, 593px\" \/>\t\t\t\t\t\t\t\t\t\t\t\t\t\t\t<\/div>\n\t\t\t\t<\/div>\n\t\t<div class=\"elementor-element elementor-element-e8de926 e-con-full e-flex e-con e-child\" data-id=\"e8de926\" data-element_type=\"container\" data-e-type=\"container\">\n\t\t\t\t<div class=\"elementor-element elementor-element-1333840 elementor-widget elementor-widget-heading\" data-id=\"1333840\" data-element_type=\"widget\" data-e-type=\"widget\" data-widget_type=\"heading.default\">\n\t\t\t\t<div class=\"elementor-widget-container\">\n\t\t\t\t\t<h3 class=\"elementor-heading-title elementor-size-default\">Odile Antonio-Baez<\/h3>\t\t\t\t<\/div>\n\t\t\t\t<\/div>\n\t\t\t\t<div class=\"elementor-element elementor-element-841554f elementor-widget elementor-widget-heading\" data-id=\"841554f\" data-element_type=\"widget\" data-e-type=\"widget\" data-widget_type=\"heading.default\">\n\t\t\t\t<div class=\"elementor-widget-container\">\n\t\t\t\t\t<p class=\"elementor-heading-title elementor-size-default\">PRODUCTION<\/p>\t\t\t\t<\/div>\n\t\t\t\t<\/div>\n\t\t\t\t<\/div>\n\t\t\t\t<div class=\"elementor-element elementor-element-13a0a70 elementor-widget elementor-widget-image\" data-id=\"13a0a70\" data-element_type=\"widget\" data-e-type=\"widget\" data-widget_type=\"image.default\">\n\t\t\t\t<div class=\"elementor-widget-container\">\n\t\t\t\t\t\t\t\t\t\t\t\t\t\t\t\t<a href=\"https:\/\/www.imdb.com\/es\/name\/nm10093621\/?ref_=nv_sr_srsg_0_tt_0_nm_1_in_0_q_odile%2520antonio%2520baez\">\n\t\t\t\t\t\t\t<img decoding=\"async\" width=\"61\" height=\"32\" src=\"https:\/\/pecadofilms.com\/wp-content\/uploads\/2025\/06\/IMDB_Logo_2016-1-27eee2.svg\" class=\"attachment-full size-full wp-image-3672\" alt=\"\" \/>\t\t\t\t\t\t\t\t<\/a>\n\t\t\t\t\t\t\t\t\t\t\t\t\t\t\t<\/div>\n\t\t\t\t<\/div>\n\t\t\t\t<\/div>\n\t\t\t\t<\/div>\n\t\t\t\t\t<\/div>\n\t\t\t\t<\/div>\n\t\t\t\t<\/div>","protected":false},"excerpt":{"rendered":"<p>PECADO Pecado Films es una productora independiente dirigida por Jose Alba y Odile Antonio-Baez. Con el objetivo de entretener y emocionar a todos los p\u00fablicos, creando contenido universal de calidad para mercados internacionales, ponen toda su energ\u00eda y perseverancia al servicio de j\u00f3venes y apasionados cineastas, apoyando y difundiendo el talento de la industria andaluza [&hellip;]<\/p>\n","protected":false},"author":3,"featured_media":0,"parent":0,"menu_order":0,"comment_status":"closed","ping_status":"closed","template":"","meta":{"_seopress_robots_primary_cat":"","_seopress_titles_title":"","_seopress_titles_desc":"","_seopress_robots_index":"","footnotes":""},"class_list":["post-3475","page","type-page","status-publish","hentry"],"yoast_head":"<!-- This site is optimized with the Yoast SEO plugin v25.2 - https:\/\/yoast.com\/wordpress\/plugins\/seo\/ -->\n<title>Nosotros - Pecado Films | Productora de Cine<\/title>\n<meta name=\"robots\" content=\"index, follow, max-snippet:-1, max-image-preview:large, max-video-preview:-1\" \/>\n<link rel=\"canonical\" href=\"https:\/\/pecadofilms.com\/en\/nosotros\/\" \/>\n<meta property=\"og:locale\" content=\"en_US\" \/>\n<meta property=\"og:type\" content=\"article\" \/>\n<meta property=\"og:title\" content=\"Nosotros - Pecado Films | Productora de Cine\" \/>\n<meta property=\"og:description\" content=\"PECADO Pecado Films es una productora independiente dirigida por Jose Alba y Odile Antonio-Baez. Con el objetivo de entretener y emocionar a todos los p\u00fablicos, creando contenido universal de calidad para mercados internacionales, ponen toda su energ\u00eda y perseverancia al servicio de j\u00f3venes y apasionados cineastas, apoyando y difundiendo el talento de la industria andaluza [&hellip;]\" \/>\n<meta property=\"og:url\" content=\"https:\/\/pecadofilms.com\/en\/nosotros\/\" \/>\n<meta property=\"og:site_name\" content=\"Pecado Films | Productora de Cine\" \/>\n<meta property=\"article:modified_time\" content=\"2025-11-05T13:12:32+00:00\" \/>\n<meta property=\"og:image\" content=\"https:\/\/pecadofilms.com\/wp-content\/uploads\/2025\/06\/quienes-somos-pecado-films.webp\" \/>\n\t<meta property=\"og:image:width\" content=\"1024\" \/>\n\t<meta property=\"og:image:height\" content=\"634\" \/>\n\t<meta property=\"og:image:type\" content=\"image\/webp\" \/>\n<meta name=\"twitter:card\" content=\"summary_large_image\" \/>\n<meta name=\"twitter:label1\" content=\"Est. reading time\" \/>\n\t<meta name=\"twitter:data1\" content=\"6 minutes\" \/>\n<script type=\"application\/ld+json\" class=\"yoast-schema-graph\">{\"@context\":\"https:\/\/schema.org\",\"@graph\":[{\"@type\":\"WebPage\",\"@id\":\"https:\/\/pecadofilms.com\/nosotros\/\",\"url\":\"https:\/\/pecadofilms.com\/nosotros\/\",\"name\":\"Nosotros - Pecado Films | Productora de Cine\",\"isPartOf\":{\"@id\":\"https:\/\/pecadofilms.com\/#website\"},\"primaryImageOfPage\":{\"@id\":\"https:\/\/pecadofilms.com\/nosotros\/#primaryimage\"},\"image\":{\"@id\":\"https:\/\/pecadofilms.com\/nosotros\/#primaryimage\"},\"thumbnailUrl\":\"https:\/\/pecadofilms.com\/wp-content\/uploads\/2025\/06\/quienes-somos-pecado-films.webp\",\"datePublished\":\"2025-06-06T23:06:05+00:00\",\"dateModified\":\"2025-11-05T13:12:32+00:00\",\"breadcrumb\":{\"@id\":\"https:\/\/pecadofilms.com\/nosotros\/#breadcrumb\"},\"inLanguage\":\"en-US\",\"potentialAction\":[{\"@type\":\"ReadAction\",\"target\":[\"https:\/\/pecadofilms.com\/nosotros\/\"]}]},{\"@type\":\"ImageObject\",\"inLanguage\":\"en-US\",\"@id\":\"https:\/\/pecadofilms.com\/nosotros\/#primaryimage\",\"url\":\"https:\/\/pecadofilms.com\/wp-content\/uploads\/2025\/06\/quienes-somos-pecado-films.webp\",\"contentUrl\":\"https:\/\/pecadofilms.com\/wp-content\/uploads\/2025\/06\/quienes-somos-pecado-films.webp\"},{\"@type\":\"BreadcrumbList\",\"@id\":\"https:\/\/pecadofilms.com\/nosotros\/#breadcrumb\",\"itemListElement\":[{\"@type\":\"ListItem\",\"position\":1,\"name\":\"Portada\",\"item\":\"https:\/\/pecadofilms.com\/\"},{\"@type\":\"ListItem\",\"position\":2,\"name\":\"Nosotros\"}]},{\"@type\":\"WebSite\",\"@id\":\"https:\/\/pecadofilms.com\/#website\",\"url\":\"https:\/\/pecadofilms.com\/\",\"name\":\"Pecado Films | Productora de Cine\",\"description\":\"Productora de cine independiente\",\"potentialAction\":[{\"@type\":\"SearchAction\",\"target\":{\"@type\":\"EntryPoint\",\"urlTemplate\":\"https:\/\/pecadofilms.com\/?s={search_term_string}\"},\"query-input\":{\"@type\":\"PropertyValueSpecification\",\"valueRequired\":true,\"valueName\":\"search_term_string\"}}],\"inLanguage\":\"en-US\"}]}<\/script>\n<!-- \/ Yoast SEO plugin. -->","yoast_head_json":{"title":"Nosotros - Pecado Films | Productora de Cine","robots":{"index":"index","follow":"follow","max-snippet":"max-snippet:-1","max-image-preview":"max-image-preview:large","max-video-preview":"max-video-preview:-1"},"canonical":"https:\/\/pecadofilms.com\/en\/nosotros\/","og_locale":"en_US","og_type":"article","og_title":"Nosotros - Pecado Films | Productora de Cine","og_description":"PECADO Pecado Films es una productora independiente dirigida por Jose Alba y Odile Antonio-Baez. Con el objetivo de entretener y emocionar a todos los p\u00fablicos, creando contenido universal de calidad para mercados internacionales, ponen toda su energ\u00eda y perseverancia al servicio de j\u00f3venes y apasionados cineastas, apoyando y difundiendo el talento de la industria andaluza [&hellip;]","og_url":"https:\/\/pecadofilms.com\/en\/nosotros\/","og_site_name":"Pecado Films | Productora de Cine","article_modified_time":"2025-11-05T13:12:32+00:00","og_image":[{"width":1024,"height":634,"url":"https:\/\/pecadofilms.com\/wp-content\/uploads\/2025\/06\/quienes-somos-pecado-films.webp","type":"image\/webp"}],"twitter_card":"summary_large_image","twitter_misc":{"Est. reading time":"6 minutes"},"schema":{"@context":"https:\/\/schema.org","@graph":[{"@type":"WebPage","@id":"https:\/\/pecadofilms.com\/nosotros\/","url":"https:\/\/pecadofilms.com\/nosotros\/","name":"Nosotros - Pecado Films | Productora de Cine","isPartOf":{"@id":"https:\/\/pecadofilms.com\/#website"},"primaryImageOfPage":{"@id":"https:\/\/pecadofilms.com\/nosotros\/#primaryimage"},"image":{"@id":"https:\/\/pecadofilms.com\/nosotros\/#primaryimage"},"thumbnailUrl":"https:\/\/pecadofilms.com\/wp-content\/uploads\/2025\/06\/quienes-somos-pecado-films.webp","datePublished":"2025-06-06T23:06:05+00:00","dateModified":"2025-11-05T13:12:32+00:00","breadcrumb":{"@id":"https:\/\/pecadofilms.com\/nosotros\/#breadcrumb"},"inLanguage":"en-US","potentialAction":[{"@type":"ReadAction","target":["https:\/\/pecadofilms.com\/nosotros\/"]}]},{"@type":"ImageObject","inLanguage":"en-US","@id":"https:\/\/pecadofilms.com\/nosotros\/#primaryimage","url":"https:\/\/pecadofilms.com\/wp-content\/uploads\/2025\/06\/quienes-somos-pecado-films.webp","contentUrl":"https:\/\/pecadofilms.com\/wp-content\/uploads\/2025\/06\/quienes-somos-pecado-films.webp"},{"@type":"BreadcrumbList","@id":"https:\/\/pecadofilms.com\/nosotros\/#breadcrumb","itemListElement":[{"@type":"ListItem","position":1,"name":"Portada","item":"https:\/\/pecadofilms.com\/"},{"@type":"ListItem","position":2,"name":"Nosotros"}]},{"@type":"WebSite","@id":"https:\/\/pecadofilms.com\/#website","url":"https:\/\/pecadofilms.com\/","name":"Pecado Films | Productora de Cine","description":"Productora de cine independiente","potentialAction":[{"@type":"SearchAction","target":{"@type":"EntryPoint","urlTemplate":"https:\/\/pecadofilms.com\/?s={search_term_string}"},"query-input":{"@type":"PropertyValueSpecification","valueRequired":true,"valueName":"search_term_string"}}],"inLanguage":"en-US"}]}},"_links":{"self":[{"href":"https:\/\/pecadofilms.com\/en\/wp-json\/wp\/v2\/pages\/3475","targetHints":{"allow":["GET"]}}],"collection":[{"href":"https:\/\/pecadofilms.com\/en\/wp-json\/wp\/v2\/pages"}],"about":[{"href":"https:\/\/pecadofilms.com\/en\/wp-json\/wp\/v2\/types\/page"}],"author":[{"embeddable":true,"href":"https:\/\/pecadofilms.com\/en\/wp-json\/wp\/v2\/users\/3"}],"replies":[{"embeddable":true,"href":"https:\/\/pecadofilms.com\/en\/wp-json\/wp\/v2\/comments?post=3475"}],"version-history":[{"count":184,"href":"https:\/\/pecadofilms.com\/en\/wp-json\/wp\/v2\/pages\/3475\/revisions"}],"predecessor-version":[{"id":4608,"href":"https:\/\/pecadofilms.com\/en\/wp-json\/wp\/v2\/pages\/3475\/revisions\/4608"}],"wp:attachment":[{"href":"https:\/\/pecadofilms.com\/en\/wp-json\/wp\/v2\/media?parent=3475"}],"curies":[{"name":"wp","href":"https:\/\/api.w.org\/{rel}","templated":true}]}}