{"id":3472,"date":"2025-06-06T23:07:23","date_gmt":"2025-06-06T23:07:23","guid":{"rendered":"https:\/\/pecadofilms.com\/?page_id=3472"},"modified":"2025-11-07T10:58:33","modified_gmt":"2025-11-07T10:58:33","slug":"contacto","status":"publish","type":"page","link":"https:\/\/pecadofilms.com\/en\/contacto\/","title":{"rendered":"Contacto"},"content":{"rendered":"\t\t<div data-elementor-type=\"wp-page\" data-elementor-id=\"3472\" class=\"elementor elementor-3472\" data-elementor-post-type=\"page\">\n\t\t\t\t<div class=\"elementor-element elementor-element-5fbb845 menu-sticky e-flex e-con-boxed e-con e-parent\" data-id=\"5fbb845\" data-element_type=\"container\" data-e-type=\"container\" data-settings=\"{&quot;background_background&quot;:&quot;classic&quot;,&quot;sticky&quot;:&quot;top&quot;,&quot;sticky_effects_offset&quot;:100,&quot;sticky_on&quot;:[&quot;desktop&quot;,&quot;laptop&quot;,&quot;tablet&quot;,&quot;mobile&quot;],&quot;sticky_offset&quot;:0,&quot;sticky_anchor_link_offset&quot;:0}\">\n\t\t\t\t\t<div class=\"e-con-inner\">\n\t\t\t\t<div class=\"elementor-element elementor-element-b5e1c2b elementor-widget-mobile__width-initial elementor-widget elementor-widget-image\" data-id=\"b5e1c2b\" data-element_type=\"widget\" data-e-type=\"widget\" data-widget_type=\"image.default\">\n\t\t\t\t<div class=\"elementor-widget-container\">\n\t\t\t\t\t\t\t\t\t\t\t\t\t\t\t\t<a href=\"https:\/\/pecadofilms.com\/en\/\">\n\t\t\t\t\t\t\t<img fetchpriority=\"high\" decoding=\"async\" width=\"2560\" height=\"1440\" src=\"https:\/\/pecadofilms.com\/wp-content\/uploads\/2025\/11\/pecado_f_negro_monocromo_blanco_trans-scaled.png\" class=\"attachment-full size-full wp-image-4517\" alt=\"\" srcset=\"https:\/\/pecadofilms.com\/wp-content\/uploads\/2025\/11\/pecado_f_negro_monocromo_blanco_trans-scaled.png 2560w, https:\/\/pecadofilms.com\/wp-content\/uploads\/2025\/11\/pecado_f_negro_monocromo_blanco_trans-300x169.png 300w, https:\/\/pecadofilms.com\/wp-content\/uploads\/2025\/11\/pecado_f_negro_monocromo_blanco_trans-1024x576.png 1024w, https:\/\/pecadofilms.com\/wp-content\/uploads\/2025\/11\/pecado_f_negro_monocromo_blanco_trans-768x432.png 768w, https:\/\/pecadofilms.com\/wp-content\/uploads\/2025\/11\/pecado_f_negro_monocromo_blanco_trans-1536x864.png 1536w, https:\/\/pecadofilms.com\/wp-content\/uploads\/2025\/11\/pecado_f_negro_monocromo_blanco_trans-2048x1152.png 2048w, https:\/\/pecadofilms.com\/wp-content\/uploads\/2025\/11\/pecado_f_negro_monocromo_blanco_trans-18x10.png 18w\" sizes=\"(max-width: 2560px) 100vw, 2560px\" \/>\t\t\t\t\t\t\t\t<\/a>\n\t\t\t\t\t\t\t\t\t\t\t\t\t\t\t<\/div>\n\t\t\t\t<\/div>\n\t\t\t\t<div class=\"elementor-element elementor-element-000fc58 elementor-view-default elementor-widget elementor-widget-icon\" data-id=\"000fc58\" data-element_type=\"widget\" data-e-type=\"widget\" data-widget_type=\"icon.default\">\n\t\t\t\t<div class=\"elementor-widget-container\">\n\t\t\t\t\t\t\t<div class=\"elementor-icon-wrapper\">\n\t\t\t<a class=\"elementor-icon\" href=\"#elementor-action%3Aaction%3Dpopup%3Aopen%26settings%3DeyJpZCI6IjM0NjciLCJ0b2dnbGUiOmZhbHNlfQ%3D%3D\">\n\t\t\t<svg xmlns=\"http:\/\/www.w3.org\/2000\/svg\" width=\"31\" height=\"31\" viewBox=\"0 0 31 31\" fill=\"none\"><g clip-path=\"url(#clip0_17433_29)\"><path d=\"M0.896484 6.07257C0.896484 5.24417 1.56809 4.57257 2.39648 4.57257H29.3965C30.2249 4.57257 30.8965 5.24417 30.8965 6.07257C30.8965 6.90097 30.2249 7.57257 29.3965 7.57257H2.39648C1.56809 7.57257 0.896484 6.90091 0.896484 6.07257ZM29.3965 13.5726H2.39648C1.56809 13.5726 0.896484 14.2442 0.896484 15.0726C0.896484 15.901 1.56809 16.5726 2.39648 16.5726H29.3965C30.2249 16.5726 30.8965 15.901 30.8965 15.0726C30.8965 14.2442 30.2249 13.5726 29.3965 13.5726ZM29.3965 22.5726H2.39648C1.56814 22.5726 0.896484 23.2442 0.896484 24.0726C0.896484 24.9009 1.56814 25.5726 2.39648 25.5726H29.3965C30.2249 25.5726 30.8965 24.9009 30.8965 24.0726C30.8965 23.2442 30.2249 22.5726 29.3965 22.5726Z\" fill=\"white\"><\/path><\/g><defs><clipPath id=\"clip0_17433_29\"><rect width=\"30\" height=\"30\" fill=\"white\" transform=\"translate(0.896484 0.0725708)\"><\/rect><\/clipPath><\/defs><\/svg>\t\t\t<\/a>\n\t\t<\/div>\n\t\t\t\t\t\t<\/div>\n\t\t\t\t<\/div>\n\t\t\t\t\t<\/div>\n\t\t\t\t<\/div>\n\t\t<div class=\"elementor-element elementor-element-61ae019 e-flex e-con-boxed e-con e-parent\" data-id=\"61ae019\" data-element_type=\"container\" data-e-type=\"container\" data-settings=\"{&quot;background_background&quot;:&quot;classic&quot;}\">\n\t\t\t\t\t<div class=\"e-con-inner\">\n\t\t<div class=\"elementor-element elementor-element-f9dd37e e-con-full e-flex elementor-invisible e-con e-child\" data-id=\"f9dd37e\" data-element_type=\"container\" data-e-type=\"container\" data-settings=\"{&quot;animation&quot;:&quot;fadeInUp&quot;}\">\n\t\t<div class=\"elementor-element elementor-element-d8bde2a e-con-full e-flex e-con e-child\" data-id=\"d8bde2a\" data-element_type=\"container\" data-e-type=\"container\">\n\t\t\t\t<div class=\"elementor-element elementor-element-df7b6f8 elementor-widget elementor-widget-heading\" data-id=\"df7b6f8\" data-element_type=\"widget\" data-e-type=\"widget\" data-widget_type=\"heading.default\">\n\t\t\t\t<div class=\"elementor-widget-container\">\n\t\t\t\t\t<span class=\"elementor-heading-title elementor-size-default\">PONTE EN<\/span>\t\t\t\t<\/div>\n\t\t\t\t<\/div>\n\t\t\t\t<div class=\"elementor-element elementor-element-d5bc31c elementor-widget elementor-widget-heading\" data-id=\"d5bc31c\" data-element_type=\"widget\" data-e-type=\"widget\" data-widget_type=\"heading.default\">\n\t\t\t\t<div class=\"elementor-widget-container\">\n\t\t\t\t\t<h1 class=\"elementor-heading-title elementor-size-default\">Contacto<\/h1>\t\t\t\t<\/div>\n\t\t\t\t<\/div>\n\t\t\t\t<\/div>\n\t\t\t\t<div class=\"elementor-element elementor-element-72fa0ff elementor-button-align-stretch elementor-widget elementor-widget-form\" data-id=\"72fa0ff\" data-element_type=\"widget\" data-e-type=\"widget\" data-settings=\"{&quot;step_next_label&quot;:&quot;Siguiente&quot;,&quot;step_previous_label&quot;:&quot;Anterior&quot;,&quot;button_width&quot;:&quot;100&quot;,&quot;step_type&quot;:&quot;number_text&quot;,&quot;step_icon_shape&quot;:&quot;circle&quot;}\" data-widget_type=\"form.default\">\n\t\t\t\t<div class=\"elementor-widget-container\">\n\t\t\t\t\t\t\t<form class=\"elementor-form\" method=\"post\" name=\"Formulario Contacto\" aria-label=\"Formulario Contacto\">\n\t\t\t<input type=\"hidden\" name=\"post_id\" value=\"3472\"\/>\n\t\t\t<input type=\"hidden\" name=\"form_id\" value=\"72fa0ff\"\/>\n\t\t\t<input type=\"hidden\" name=\"referer_title\" value=\"Contacto - Pecado Films | Productora de Cine\" \/>\n\n\t\t\t\t\t\t\t<input type=\"hidden\" name=\"queried_id\" value=\"3472\"\/>\n\t\t\t\n\t\t\t<div class=\"elementor-form-fields-wrapper elementor-labels-\">\n\t\t\t\t\t\t\t\t<div class=\"elementor-field-type-text elementor-field-group elementor-column elementor-field-group-name elementor-col-100 elementor-field-required\">\n\t\t\t\t\t\t\t\t\t\t\t\t<label for=\"form-field-name\" class=\"elementor-field-label elementor-screen-only\">\n\t\t\t\t\t\t\t\tNombre\t\t\t\t\t\t\t<\/label>\n\t\t\t\t\t\t\t\t\t\t\t\t\t\t<input size=\"1\" type=\"text\" name=\"form_fields[name]\" id=\"form-field-name\" class=\"elementor-field elementor-size-lg  elementor-field-textual\" placeholder=\"Nombre\" required=\"required\">\n\t\t\t\t\t\t\t\t\t\t\t<\/div>\n\t\t\t\t\t\t\t\t<div class=\"elementor-field-type-email elementor-field-group elementor-column elementor-field-group-email elementor-col-100 elementor-field-required\">\n\t\t\t\t\t\t\t\t\t\t\t\t<label for=\"form-field-email\" class=\"elementor-field-label elementor-screen-only\">\n\t\t\t\t\t\t\t\tEmail\t\t\t\t\t\t\t<\/label>\n\t\t\t\t\t\t\t\t\t\t\t\t\t\t<input size=\"1\" type=\"email\" name=\"form_fields[email]\" id=\"form-field-email\" class=\"elementor-field elementor-size-lg  elementor-field-textual\" placeholder=\"Email\" required=\"required\">\n\t\t\t\t\t\t\t\t\t\t\t<\/div>\n\t\t\t\t\t\t\t\t<div class=\"elementor-field-type-tel elementor-field-group elementor-column elementor-field-group-field_c4fc70e elementor-col-100 elementor-field-required\">\n\t\t\t\t\t\t\t\t\t\t\t\t<label for=\"form-field-field_c4fc70e\" class=\"elementor-field-label elementor-screen-only\">\n\t\t\t\t\t\t\t\tTel\u00e9fono\t\t\t\t\t\t\t<\/label>\n\t\t\t\t\t\t\t\t<input size=\"1\" type=\"tel\" name=\"form_fields[field_c4fc70e]\" id=\"form-field-field_c4fc70e\" class=\"elementor-field elementor-size-lg  elementor-field-textual\" placeholder=\"Tel\u00e9fono\" required=\"required\" pattern=\"[0-9()#&amp;+*-=.]+\" title=\"Only numbers and phone characters (#, -, *, etc) are accepted.\">\n\n\t\t\t\t\t\t<\/div>\n\t\t\t\t\t\t\t\t<div class=\"elementor-field-type-text elementor-field-group elementor-column elementor-field-group-field_aa1ab84 elementor-col-100\">\n\t\t\t\t\t\t\t\t\t\t\t\t<label for=\"form-field-field_aa1ab84\" class=\"elementor-field-label elementor-screen-only\">\n\t\t\t\t\t\t\t\tEMPRESA\t\t\t\t\t\t\t<\/label>\n\t\t\t\t\t\t\t\t\t\t\t\t\t\t<input size=\"1\" type=\"text\" name=\"form_fields[field_aa1ab84]\" id=\"form-field-field_aa1ab84\" class=\"elementor-field elementor-size-lg  elementor-field-textual\" placeholder=\"EMPRESA\">\n\t\t\t\t\t\t\t\t\t\t\t<\/div>\n\t\t\t\t\t\t\t\t<div class=\"elementor-field-type-text elementor-field-group elementor-column elementor-field-group-field_8ab651a elementor-col-100 elementor-field-required\">\n\t\t\t\t\t\t\t\t\t\t\t\t<label for=\"form-field-field_8ab651a\" class=\"elementor-field-label elementor-screen-only\">\n\t\t\t\t\t\t\t\tConsulta\t\t\t\t\t\t\t<\/label>\n\t\t\t\t\t\t\t\t\t\t\t\t\t\t<input size=\"1\" type=\"text\" name=\"form_fields[field_8ab651a]\" id=\"form-field-field_8ab651a\" class=\"elementor-field elementor-size-lg  elementor-field-textual\" placeholder=\"Consulta\" required=\"required\">\n\t\t\t\t\t\t\t\t\t\t\t<\/div>\n\t\t\t\t\t\t\t\t<div class=\"elementor-field-type-acceptance elementor-field-group elementor-column elementor-field-group-field_97ec5f0 elementor-col-100\">\n\t\t\t\t\t\t\t<div class=\"elementor-field-subgroup\">\n\t\t\t<span class=\"elementor-field-option\">\n\t\t\t\t<input type=\"checkbox\" name=\"form_fields[field_97ec5f0]\" id=\"form-field-field_97ec5f0\" class=\"elementor-field elementor-size-lg  elementor-acceptance-field\">\n\t\t\t\t<label for=\"form-field-field_97ec5f0\">He le\u00eddo y acepto la <a href=\"https:\/\/pecadofilms.com\/politica-de-privacidad\/\" target=\"_blank\" rel=\"noopener noreferrer\">pol\u00edtica de privacidad<\/a><\/label>\t\t\t<\/span>\n\t\t<\/div>\n\t\t\t\t\t\t<\/div>\n\t\t\t\t\t\t\t\t<div class=\"elementor-field-group elementor-column elementor-field-type-submit elementor-col-100 e-form__buttons\">\n\t\t\t\t\t<button class=\"elementor-button elementor-size-lg elementor-animation-float\" type=\"submit\">\n\t\t\t\t\t\t<span class=\"elementor-button-content-wrapper\">\n\t\t\t\t\t\t\t\t\t\t\t\t\t\t\t\t\t\t\t\t\t\t<span class=\"elementor-button-text\">Enviar<\/span>\n\t\t\t\t\t\t\t\t\t\t\t\t\t<\/span>\n\t\t\t\t\t<\/button>\n\t\t\t\t<\/div>\n\t\t\t<\/div>\n\t\t<\/form>\n\t\t\t\t\t\t<\/div>\n\t\t\t\t<\/div>\n\t\t\t\t<\/div>\n\t\t<div class=\"elementor-element elementor-element-b6be5e8 e-con-full animated-slow e-flex elementor-invisible e-con e-child\" data-id=\"b6be5e8\" data-element_type=\"container\" data-e-type=\"container\" data-settings=\"{&quot;animation&quot;:&quot;fadeIn&quot;}\">\n\t\t<div class=\"elementor-element elementor-element-fc1ad8b e-con-full e-flex e-con e-child\" data-id=\"fc1ad8b\" data-element_type=\"container\" data-e-type=\"container\">\n\t\t\t\t<div class=\"elementor-element elementor-element-4650e2d elementor-widget elementor-widget-heading\" data-id=\"4650e2d\" data-element_type=\"widget\" data-e-type=\"widget\" data-widget_type=\"heading.default\">\n\t\t\t\t<div class=\"elementor-widget-container\">\n\t\t\t\t\t<h2 class=\"elementor-heading-title elementor-size-default\">Cont\u00e1ctanos<\/h2>\t\t\t\t<\/div>\n\t\t\t\t<\/div>\n\t\t\t\t<div class=\"elementor-element elementor-element-9621792 elementor-widget__width-initial elementor-widget-tablet__width-inherit elementor-widget-mobile__width-inherit elementor-widget elementor-widget-text-editor\" data-id=\"9621792\" data-element_type=\"widget\" data-e-type=\"widget\" data-widget_type=\"text-editor.default\">\n\t\t\t\t<div class=\"elementor-widget-container\">\n\t\t\t\t\t\t\t\t\t+34 699 89 39 34 pecado@pecadofilms.com\t\t\t\t\t\t\t\t<\/div>\n\t\t\t\t<\/div>\n\t\t\t\t<\/div>\n\t\t<div class=\"elementor-element elementor-element-603ef6a e-con-full e-flex e-con e-child\" data-id=\"603ef6a\" data-element_type=\"container\" data-e-type=\"container\">\n\t\t\t\t<div class=\"elementor-element elementor-element-7048e2a elementor-widget elementor-widget-heading\" data-id=\"7048e2a\" data-element_type=\"widget\" data-e-type=\"widget\" data-widget_type=\"heading.default\">\n\t\t\t\t<div class=\"elementor-widget-container\">\n\t\t\t\t\t<h2 class=\"elementor-heading-title elementor-size-default\">Vis\u00edtanos<\/h2>\t\t\t\t<\/div>\n\t\t\t\t<\/div>\n\t\t\t\t<div class=\"elementor-element elementor-element-c309095 elementor-widget__width-inherit elementor-widget-mobile__width-inherit elementor-widget-tablet__width-inherit elementor-widget elementor-widget-text-editor\" data-id=\"c309095\" data-element_type=\"widget\" data-e-type=\"widget\" data-widget_type=\"text-editor.default\">\n\t\t\t\t<div class=\"elementor-widget-container\">\n\t\t\t\t\t\t\t\t\t<p>Guzm\u00e1n el Bueno 133, Ed. Britannia <br \/>1 planta, <br \/>Oficina 9 28003 \u2013 Madrid<br \/>Sondalezas 33, 7, 1, B<br \/>29010 \u2013 M\u00e1laga<\/p>\t\t\t\t\t\t\t\t<\/div>\n\t\t\t\t<\/div>\n\t\t\t\t<\/div>\n\t\t\t\t<\/div>\n\t\t\t\t\t<\/div>\n\t\t\t\t<\/div>\n\t\t\t\t<\/div>\n\t\t","protected":false},"excerpt":{"rendered":"<p>PONTE EN Contacto Cont\u00e1ctanos +34 699 89 39 34 pecado@pecadofilms.com Vis\u00edtanos Guzm\u00e1n el Bueno 133, Ed. Britannia 1 planta, Oficina 9 28003 \u2013 MadridSondalezas 33, 7, 1, B29010 \u2013 M\u00e1laga<\/p>","protected":false},"author":3,"featured_media":0,"parent":0,"menu_order":0,"comment_status":"closed","ping_status":"closed","template":"elementor_canvas","meta":{"_seopress_robots_primary_cat":"","_seopress_titles_title":"","_seopress_titles_desc":"","_seopress_robots_index":"","footnotes":""},"class_list":["post-3472","page","type-page","status-publish","hentry"],"yoast_head":"<!-- This site is optimized with the Yoast SEO plugin v25.2 - https:\/\/yoast.com\/wordpress\/plugins\/seo\/ -->\n<title>Contacto - Pecado Films | Productora de Cine<\/title>\n<meta name=\"robots\" content=\"index, follow, max-snippet:-1, max-image-preview:large, max-video-preview:-1\" \/>\n<link rel=\"canonical\" href=\"https:\/\/pecadofilms.com\/en\/contacto\/\" \/>\n<meta property=\"og:locale\" content=\"en_US\" \/>\n<meta property=\"og:type\" content=\"article\" \/>\n<meta property=\"og:title\" content=\"Contacto - Pecado Films | Productora de Cine\" \/>\n<meta property=\"og:description\" content=\"PONTE EN Contacto Cont\u00e1ctanos +34 699 89 39 34 pecado@pecadofilms.com Vis\u00edtanos Guzm\u00e1n el Bueno 133, Ed. Britannia 1 planta, Oficina 9 28003 \u2013 MadridSondalezas 33, 7, 1, B29010 \u2013 M\u00e1laga\" \/>\n<meta property=\"og:url\" content=\"https:\/\/pecadofilms.com\/en\/contacto\/\" \/>\n<meta property=\"og:site_name\" content=\"Pecado Films | Productora de Cine\" \/>\n<meta property=\"article:modified_time\" content=\"2025-11-07T10:58:33+00:00\" \/>\n<meta property=\"og:image\" content=\"https:\/\/pecadofilms.com\/wp-content\/uploads\/2025\/11\/pecado_f_negro_monocromo_blanco_trans-scaled.png\" \/>\n<meta name=\"twitter:card\" content=\"summary_large_image\" \/>\n<meta name=\"twitter:label1\" content=\"Est. reading time\" \/>\n\t<meta name=\"twitter:data1\" content=\"1 minute\" \/>\n<script type=\"application\/ld+json\" class=\"yoast-schema-graph\">{\"@context\":\"https:\/\/schema.org\",\"@graph\":[{\"@type\":\"WebPage\",\"@id\":\"https:\/\/pecadofilms.com\/contacto\/\",\"url\":\"https:\/\/pecadofilms.com\/contacto\/\",\"name\":\"Contacto - Pecado Films | Productora de Cine\",\"isPartOf\":{\"@id\":\"https:\/\/pecadofilms.com\/#website\"},\"primaryImageOfPage\":{\"@id\":\"https:\/\/pecadofilms.com\/contacto\/#primaryimage\"},\"image\":{\"@id\":\"https:\/\/pecadofilms.com\/contacto\/#primaryimage\"},\"thumbnailUrl\":\"https:\/\/pecadofilms.com\/wp-content\/uploads\/2025\/11\/pecado_f_negro_monocromo_blanco_trans-scaled.png\",\"datePublished\":\"2025-06-06T23:07:23+00:00\",\"dateModified\":\"2025-11-07T10:58:33+00:00\",\"breadcrumb\":{\"@id\":\"https:\/\/pecadofilms.com\/contacto\/#breadcrumb\"},\"inLanguage\":\"en-US\",\"potentialAction\":[{\"@type\":\"ReadAction\",\"target\":[\"https:\/\/pecadofilms.com\/contacto\/\"]}]},{\"@type\":\"ImageObject\",\"inLanguage\":\"en-US\",\"@id\":\"https:\/\/pecadofilms.com\/contacto\/#primaryimage\",\"url\":\"https:\/\/pecadofilms.com\/wp-content\/uploads\/2025\/11\/pecado_f_negro_monocromo_blanco_trans-scaled.png\",\"contentUrl\":\"https:\/\/pecadofilms.com\/wp-content\/uploads\/2025\/11\/pecado_f_negro_monocromo_blanco_trans-scaled.png\"},{\"@type\":\"BreadcrumbList\",\"@id\":\"https:\/\/pecadofilms.com\/contacto\/#breadcrumb\",\"itemListElement\":[{\"@type\":\"ListItem\",\"position\":1,\"name\":\"Portada\",\"item\":\"https:\/\/pecadofilms.com\/\"},{\"@type\":\"ListItem\",\"position\":2,\"name\":\"Contacto\"}]},{\"@type\":\"WebSite\",\"@id\":\"https:\/\/pecadofilms.com\/#website\",\"url\":\"https:\/\/pecadofilms.com\/\",\"name\":\"Pecado Films | Productora de Cine\",\"description\":\"Productora de cine independiente\",\"potentialAction\":[{\"@type\":\"SearchAction\",\"target\":{\"@type\":\"EntryPoint\",\"urlTemplate\":\"https:\/\/pecadofilms.com\/?s={search_term_string}\"},\"query-input\":{\"@type\":\"PropertyValueSpecification\",\"valueRequired\":true,\"valueName\":\"search_term_string\"}}],\"inLanguage\":\"en-US\"}]}<\/script>\n<!-- \/ Yoast SEO plugin. -->","yoast_head_json":{"title":"Contacto - Pecado Films | Productora de Cine","robots":{"index":"index","follow":"follow","max-snippet":"max-snippet:-1","max-image-preview":"max-image-preview:large","max-video-preview":"max-video-preview:-1"},"canonical":"https:\/\/pecadofilms.com\/en\/contacto\/","og_locale":"en_US","og_type":"article","og_title":"Contacto - Pecado Films | Productora de Cine","og_description":"PONTE EN Contacto Cont\u00e1ctanos +34 699 89 39 34 pecado@pecadofilms.com Vis\u00edtanos Guzm\u00e1n el Bueno 133, Ed. Britannia 1 planta, Oficina 9 28003 \u2013 MadridSondalezas 33, 7, 1, B29010 \u2013 M\u00e1laga","og_url":"https:\/\/pecadofilms.com\/en\/contacto\/","og_site_name":"Pecado Films | Productora de Cine","article_modified_time":"2025-11-07T10:58:33+00:00","og_image":[{"url":"https:\/\/pecadofilms.com\/wp-content\/uploads\/2025\/11\/pecado_f_negro_monocromo_blanco_trans-scaled.png","type":"","width":"","height":""}],"twitter_card":"summary_large_image","twitter_misc":{"Est. reading time":"1 minute"},"schema":{"@context":"https:\/\/schema.org","@graph":[{"@type":"WebPage","@id":"https:\/\/pecadofilms.com\/contacto\/","url":"https:\/\/pecadofilms.com\/contacto\/","name":"Contacto - Pecado Films | Productora de Cine","isPartOf":{"@id":"https:\/\/pecadofilms.com\/#website"},"primaryImageOfPage":{"@id":"https:\/\/pecadofilms.com\/contacto\/#primaryimage"},"image":{"@id":"https:\/\/pecadofilms.com\/contacto\/#primaryimage"},"thumbnailUrl":"https:\/\/pecadofilms.com\/wp-content\/uploads\/2025\/11\/pecado_f_negro_monocromo_blanco_trans-scaled.png","datePublished":"2025-06-06T23:07:23+00:00","dateModified":"2025-11-07T10:58:33+00:00","breadcrumb":{"@id":"https:\/\/pecadofilms.com\/contacto\/#breadcrumb"},"inLanguage":"en-US","potentialAction":[{"@type":"ReadAction","target":["https:\/\/pecadofilms.com\/contacto\/"]}]},{"@type":"ImageObject","inLanguage":"en-US","@id":"https:\/\/pecadofilms.com\/contacto\/#primaryimage","url":"https:\/\/pecadofilms.com\/wp-content\/uploads\/2025\/11\/pecado_f_negro_monocromo_blanco_trans-scaled.png","contentUrl":"https:\/\/pecadofilms.com\/wp-content\/uploads\/2025\/11\/pecado_f_negro_monocromo_blanco_trans-scaled.png"},{"@type":"BreadcrumbList","@id":"https:\/\/pecadofilms.com\/contacto\/#breadcrumb","itemListElement":[{"@type":"ListItem","position":1,"name":"Portada","item":"https:\/\/pecadofilms.com\/"},{"@type":"ListItem","position":2,"name":"Contacto"}]},{"@type":"WebSite","@id":"https:\/\/pecadofilms.com\/#website","url":"https:\/\/pecadofilms.com\/","name":"Pecado Films | Productora de Cine","description":"Productora de cine independiente","potentialAction":[{"@type":"SearchAction","target":{"@type":"EntryPoint","urlTemplate":"https:\/\/pecadofilms.com\/?s={search_term_string}"},"query-input":{"@type":"PropertyValueSpecification","valueRequired":true,"valueName":"search_term_string"}}],"inLanguage":"en-US"}]}},"_links":{"self":[{"href":"https:\/\/pecadofilms.com\/en\/wp-json\/wp\/v2\/pages\/3472","targetHints":{"allow":["GET"]}}],"collection":[{"href":"https:\/\/pecadofilms.com\/en\/wp-json\/wp\/v2\/pages"}],"about":[{"href":"https:\/\/pecadofilms.com\/en\/wp-json\/wp\/v2\/types\/page"}],"author":[{"embeddable":true,"href":"https:\/\/pecadofilms.com\/en\/wp-json\/wp\/v2\/users\/3"}],"replies":[{"embeddable":true,"href":"https:\/\/pecadofilms.com\/en\/wp-json\/wp\/v2\/comments?post=3472"}],"version-history":[{"count":97,"href":"https:\/\/pecadofilms.com\/en\/wp-json\/wp\/v2\/pages\/3472\/revisions"}],"predecessor-version":[{"id":4747,"href":"https:\/\/pecadofilms.com\/en\/wp-json\/wp\/v2\/pages\/3472\/revisions\/4747"}],"wp:attachment":[{"href":"https:\/\/pecadofilms.com\/en\/wp-json\/wp\/v2\/media?parent=3472"}],"curies":[{"name":"wp","href":"https:\/\/api.w.org\/{rel}","templated":true}]}}